{"id":770,"date":"2022-08-05T17:49:15","date_gmt":"2022-08-05T15:49:15","guid":{"rendered":"http:\/\/skinmeddocs.com\/de-de\/product\/6d-hyaluronic-booster\/"},"modified":"2026-03-25T13:27:58","modified_gmt":"2026-03-25T12:27:58","slug":"6d-hyaluronic-booster","status":"publish","type":"product","link":"https:\/\/skinmeddocs.com\/de-de\/produkt\/6d-hyaluronic-booster\/","title":{"rendered":"6D Hyaluronic Booster"},"content":{"rendered":"","protected":false},"excerpt":{"rendered":"","protected":false},"featured_media":2423,"template":"","meta":{"_seopress_robots_primary_cat":"none","_seopress_titles_title":"Hyaluron Booster jetzt online kaufen | Skinmed Doctors","_seopress_titles_desc":"Der 6D Hyaluron Booster enth\u00e4lt eine sechs-dimensionale Hyalurons\u00e4ure, die zu einem nat\u00fcrlichen Glow verhilft.","_seopress_robots_index":""},"product_brand":[],"product_cat":[35],"product_tag":[],"class_list":{"0":"post-770","1":"product","2":"type-product","3":"status-publish","4":"has-post-thumbnail","6":"product_cat-gesichtsserum","7":"product_shipping_class-standard","9":"first","10":"instock","11":"taxable","12":"shipping-taxable","13":"purchasable","14":"product-type-simple"},"acf":[],"_links":{"self":[{"href":"https:\/\/skinmeddocs.com\/de-de\/wp-json\/wp\/v2\/product\/770","targetHints":{"allow":["GET"]}}],"collection":[{"href":"https:\/\/skinmeddocs.com\/de-de\/wp-json\/wp\/v2\/product"}],"about":[{"href":"https:\/\/skinmeddocs.com\/de-de\/wp-json\/wp\/v2\/types\/product"}],"version-history":[{"count":23,"href":"https:\/\/skinmeddocs.com\/de-de\/wp-json\/wp\/v2\/product\/770\/revisions"}],"predecessor-version":[{"id":2755,"href":"https:\/\/skinmeddocs.com\/de-de\/wp-json\/wp\/v2\/product\/770\/revisions\/2755"}],"wp:featuredmedia":[{"embeddable":true,"href":"https:\/\/skinmeddocs.com\/de-de\/wp-json\/wp\/v2\/media\/2423"}],"wp:attachment":[{"href":"https:\/\/skinmeddocs.com\/de-de\/wp-json\/wp\/v2\/media?parent=770"}],"wp:term":[{"taxonomy":"product_brand","embeddable":true,"href":"https:\/\/skinmeddocs.com\/de-de\/wp-json\/wp\/v2\/product_brand?post=770"},{"taxonomy":"product_cat","embeddable":true,"href":"https:\/\/skinmeddocs.com\/de-de\/wp-json\/wp\/v2\/product_cat?post=770"},{"taxonomy":"product_tag","embeddable":true,"href":"https:\/\/skinmeddocs.com\/de-de\/wp-json\/wp\/v2\/product_tag?post=770"}],"curies":[{"name":"wp","href":"https:\/\/api.w.org\/{rel}","templated":true}]}}