{"id":1297,"date":"2022-09-07T16:08:58","date_gmt":"2022-09-07T14:08:58","guid":{"rendered":"http:\/\/skinmeddocs.com\/de-de\/?page_id=1297"},"modified":"2023-05-09T13:14:04","modified_gmt":"2023-05-09T11:14:04","slug":"impressum","status":"publish","type":"page","link":"https:\/\/skinmeddocs.com\/de-de\/impressum\/","title":{"rendered":"Impressum"},"content":{"rendered":"\t\t<div data-elementor-type=\"wp-page\" data-elementor-id=\"1297\" class=\"elementor elementor-1297\" data-elementor-post-type=\"page\">\n\t\t\t\t\t\t<section class=\"elementor-section elementor-top-section elementor-element elementor-element-21fd3583 plain-text elementor-section-boxed elementor-section-height-default elementor-section-height-default\" data-id=\"21fd3583\" data-element_type=\"section\">\n\t\t\t\t\t\t<div class=\"elementor-container elementor-column-gap-default\">\n\t\t\t\t\t<div class=\"elementor-column elementor-col-100 elementor-top-column elementor-element elementor-element-3e980161\" data-id=\"3e980161\" data-element_type=\"column\">\n\t\t\t<div class=\"elementor-widget-wrap elementor-element-populated\">\n\t\t\t\t\t\t<div class=\"elementor-element elementor-element-741d0319 elementor-widget elementor-widget-heading\" data-id=\"741d0319\" data-element_type=\"widget\" data-widget_type=\"heading.default\">\n\t\t\t\t<div class=\"elementor-widget-container\">\n\t\t\t\t\t<h1 class=\"elementor-heading-title elementor-size-default\">Impressum<\/h1>\t\t\t\t<\/div>\n\t\t\t\t<\/div>\n\t\t\t\t<div class=\"elementor-element elementor-element-239a2e4b elementor-widget elementor-widget-text-editor\" data-id=\"239a2e4b\" data-element_type=\"widget\" data-widget_type=\"text-editor.default\">\n\t\t\t\t<div class=\"elementor-widget-container\">\n\t\t\t\t\t\t\t\t\t<p><strong>Skinmed Doctors AG<\/strong><\/p><p>Wilenstrasse 4<br \/>8832 Wollerau<br \/>Schweiz<\/p><p>Telefon: +41 (0)62 836 64 62<br \/>Mail:\u00a0<a href=\"mailto:hello@skinmeddocs.com\">hello@skinmeddocs.com<\/a><\/p><p>Unternehmensgegenstand: Herstellung und Vertrieb von Pflegeprodukten f\u00fcr die Haut<br \/>Vertretungsberechtigter Vorstand: Dr. Felix Johannes Bertram (Vorsitzender)<br \/>Vorsitzender des Aufsichtsrates: Dr. Felix Johannes Bertram<br \/>Handelsregister: Handelsregister des Kantons Schwyz, CHE-278.636.857<br \/>Umsatzsteuer-Identifikationsnummer(n): DE289142211, CHE-278.636.857 MWST<\/p><p>Verantwortlich gem\u00e4\u00df \u00a7 18 MStV:<br \/>Dr. Felix Johannes Bertram<br \/>Niederlenzer Kirchweg 2a<br \/>5600 Lenzburg<\/p><p>Aktienkaptial CHF 100&#8217;000 Euro<\/p><p>Die Europ\u00e4ische Kommission stellt eine Plattform zur Online-Streitbeilegung (OS) bereit, die Sie hier finden https:\/\/ec.europa.eu\/consumers\/odr\/. Zur Teilnahme an einem Streitbeilegungsverfahren vor einer Verbraucherschlichtungsstelle sind wir nicht verpflichtet und nicht bereit.<\/p><h3>Datenschutz<\/h3><p>Der Kunde ist damit einverstanden, dass seine, dem Onlineshop im Rahmen der Gesch\u00e4ftsbeziehung zugehenden, pers\u00f6nlichen Daten elektronisch gespeichert und verarbeitet werden. Es wird darauf hingewiesen, dass im Sinne dieser Bestimmung ermittelte Daten ausschliesslich f\u00fcr Zwecke der Leistungserbringung, insbesondere zum Zweck der Auftragsabwicklung und der Buchhaltung, erhoben und verarbeitet werden. Der Onlineshop gibt Kundendaten nicht an Dritte weiter. Die \u00dcbermittlung der Daten erfolgt verschl\u00fcsselt. F\u00fcr die Sicherheit der im Internet \u00fcbermittelten Daten kann jedoch keine Haftung \u00fcbernommen werden.<\/p><h3>Copyright<\/h3><p>Alle dargestellten Fremdlogos, Bilder und Grafiken sind Eigentum der entsprechenden Firmen und unterliegen dem Copyright der entsprechenden Lizenzgeber. S\u00e4mtliche auf diesen Seiten dargestellten Fotos, Logos, Texte, Berichte, Scripte und Programmierroutinen, welche Eigenentwicklungen von uns sind oder von uns aufbereitet wurden, d\u00fcrfen nicht ohne unser Einverst\u00e4ndnis kopiert oder anderweitig genutzt werden. Alle Rechte vorbehalten.<\/p><h3>Verweise und Links<\/h3><p>Diese Website enth\u00e4lt Verkn\u00fcpfungen zu Websites Dritter (externe Links). Diese Websites unterliegen der Haftung der jeweiligen Betreiber. Auf die aktuelle und zuk\u00fcnftige Gestaltung, die Inhalte oder die Urheberschaft der verlinkten\/verkn\u00fcpften Seiten hat Skinmed Doctors AG keinerlei Einfluss.<\/p><h3>Design<\/h3><p>GOUVERNEUR Designb\u00fcro<br \/>Marco Gouverneur<br \/><a href=\"mailto:info@gouverneur-design.de\">info@gouverneur-design.de<\/a><\/p><h3>Betreuung Shop und CMS<\/h3><p>PARETO Digital GmbH &amp; Co. KG<br \/><a href=\"https:\/\/maucher-online.com\">maucher-online.com<\/a><\/p>\t\t\t\t\t\t\t\t<\/div>\n\t\t\t\t<\/div>\n\t\t\t\t\t<\/div>\n\t\t<\/div>\n\t\t\t\t\t<\/div>\n\t\t<\/section>\n\t\t\t\t<\/div>\n\t\t","protected":false},"excerpt":{"rendered":"<p>Impressum Skinmed Doctors AG Wilenstrasse 48832 WollerauSchweiz Telefon: +41 (0)62 836 64 62Mail:\u00a0hello@skinmeddocs.com Unternehmensgegenstand: Herstellung und Vertrieb von Pflegeprodukten f\u00fcr die HautVertretungsberechtigter Vorstand: Dr. Felix Johannes Bertram (Vorsitzender)Vorsitzender des Aufsichtsrates: Dr. Felix Johannes BertramHandelsregister: Handelsregister des Kantons Schwyz, CHE-278.636.857Umsatzsteuer-Identifikationsnummer(n): DE289142211, CHE-278.636.857 MWST Verantwortlich gem\u00e4\u00df \u00a7 18 MStV:Dr. Felix Johannes BertramNiederlenzer Kirchweg 2a5600 Lenzburg Aktienkaptial CHF&#8230;<\/p>\n","protected":false},"author":1,"featured_media":0,"parent":0,"menu_order":0,"comment_status":"closed","ping_status":"closed","template":"","meta":{"_seopress_robots_primary_cat":"","_seopress_titles_title":"","_seopress_titles_desc":"","_seopress_robots_index":"","footnotes":""},"class_list":["post-1297","page","type-page","status-publish","hentry"],"acf":[],"_links":{"self":[{"href":"https:\/\/skinmeddocs.com\/de-de\/wp-json\/wp\/v2\/pages\/1297","targetHints":{"allow":["GET"]}}],"collection":[{"href":"https:\/\/skinmeddocs.com\/de-de\/wp-json\/wp\/v2\/pages"}],"about":[{"href":"https:\/\/skinmeddocs.com\/de-de\/wp-json\/wp\/v2\/types\/page"}],"author":[{"embeddable":true,"href":"https:\/\/skinmeddocs.com\/de-de\/wp-json\/wp\/v2\/users\/1"}],"replies":[{"embeddable":true,"href":"https:\/\/skinmeddocs.com\/de-de\/wp-json\/wp\/v2\/comments?post=1297"}],"version-history":[{"count":49,"href":"https:\/\/skinmeddocs.com\/de-de\/wp-json\/wp\/v2\/pages\/1297\/revisions"}],"predecessor-version":[{"id":2354,"href":"https:\/\/skinmeddocs.com\/de-de\/wp-json\/wp\/v2\/pages\/1297\/revisions\/2354"}],"wp:attachment":[{"href":"https:\/\/skinmeddocs.com\/de-de\/wp-json\/wp\/v2\/media?parent=1297"}],"curies":[{"name":"wp","href":"https:\/\/api.w.org\/{rel}","templated":true}]}}