{"id":1183,"date":"2022-09-02T13:51:30","date_gmt":"2022-09-02T11:51:30","guid":{"rendered":"http:\/\/skinmeddocs.com\/de-de\/?page_id=1183"},"modified":"2025-01-07T09:21:42","modified_gmt":"2025-01-07T08:21:42","slug":"about","status":"publish","type":"page","link":"https:\/\/skinmeddocs.com\/de-de\/about\/","title":{"rendered":"About"},"content":{"rendered":"\t\t<div data-elementor-type=\"wp-page\" data-elementor-id=\"1183\" class=\"elementor elementor-1183\" data-elementor-post-type=\"page\">\n\t\t\t\t\t\t<section class=\"elementor-section elementor-top-section elementor-element elementor-element-6cc25e2a elementor-section-boxed elementor-section-height-default elementor-section-height-default\" data-id=\"6cc25e2a\" data-element_type=\"section\">\n\t\t\t\t\t\t<div class=\"elementor-container elementor-column-gap-default\">\n\t\t\t\t\t<div class=\"elementor-column elementor-col-100 elementor-top-column elementor-element elementor-element-400cd33e\" data-id=\"400cd33e\" data-element_type=\"column\">\n\t\t\t<div class=\"elementor-widget-wrap elementor-element-populated\">\n\t\t\t\t\t\t<div class=\"elementor-element elementor-element-72a03f68 elementor-invisible elementor-widget elementor-widget-heading\" data-id=\"72a03f68\" data-element_type=\"widget\" data-settings=\"{&quot;_animation&quot;:&quot;fadeIn&quot;,&quot;_animation_mobile&quot;:&quot;none&quot;}\" data-widget_type=\"heading.default\">\n\t\t\t\t<div class=\"elementor-widget-container\">\n\t\t\t\t\t<h1 class=\"elementor-heading-title elementor-size-default\">Medizinisch fundierte Gesichtspflege<\/h1>\t\t\t\t<\/div>\n\t\t\t\t<\/div>\n\t\t\t\t<div class=\"elementor-element elementor-element-105ca834 elementor-invisible elementor-widget elementor-widget-text-editor\" data-id=\"105ca834\" data-element_type=\"widget\" data-settings=\"{&quot;_animation&quot;:&quot;fadeIn&quot;,&quot;_animation_delay&quot;:&quot;300&quot;,&quot;_animation_mobile&quot;:&quot;none&quot;}\" data-widget_type=\"text-editor.default\">\n\t\t\t\t<div class=\"elementor-widget-container\">\n\t\t\t\t\t\t\t\t\t<p>Skinmed Doctors ist eine medizinisch fundierte, wissenschaftlich belegte Hautpflegemarke, die von den f\u00fchrenden Schweizer Dermatologinnen und Dermatologen sowie plastischen Chirurginnen und Chirurgen&nbsp;der renommierten und schweizweit bekannten Skinmed Kliniken entwickelt wurde. Die Marke besteht aus 15 Produkten, die jeweils auf ein bestimmtes Hautproblem zugeschnitten sind. Gest\u00fctzt auf umfangreiche Laborforschung sowie Expertise und Erfahrung von 30 Skinmed \u00c4rztinnen und \u00c4rzten wurde jedes Produkt mit maximal drei aktiven Wirkstoffen formuliert. In der optimalen Menge dosiert, erzielen diese sichtbare Ergebnisse f\u00fcr deine Haut.<\/p>\t\t\t\t\t\t\t\t<\/div>\n\t\t\t\t<\/div>\n\t\t\t\t\t<\/div>\n\t\t<\/div>\n\t\t\t\t\t<\/div>\n\t\t<\/section>\n\t\t\t\t<section class=\"elementor-section elementor-top-section elementor-element elementor-element-6ac638d elementor-section-boxed elementor-section-height-default elementor-section-height-default\" data-id=\"6ac638d\" data-element_type=\"section\">\n\t\t\t\t\t\t<div class=\"elementor-container elementor-column-gap-default\">\n\t\t\t\t\t<div class=\"elementor-column elementor-col-100 elementor-top-column elementor-element elementor-element-1695a5a\" data-id=\"1695a5a\" data-element_type=\"column\">\n\t\t\t<div class=\"elementor-widget-wrap elementor-element-populated\">\n\t\t\t\t\t\t<div class=\"elementor-element elementor-element-4a7fcbf elementor-invisible elementor-widget elementor-widget-image\" data-id=\"4a7fcbf\" data-element_type=\"widget\" data-settings=\"{&quot;_animation&quot;:&quot;zoomIn&quot;,&quot;_animation_mobile&quot;:&quot;none&quot;}\" data-widget_type=\"image.default\">\n\t\t\t\t<div class=\"elementor-widget-container\">\n\t\t\t\t\t\t\t\t\t\t\t\t\t\t\t<img fetchpriority=\"high\" decoding=\"async\" width=\"1024\" height=\"666\" src=\"https:\/\/skinmeddocs.com\/de-de\/wp-content\/uploads\/sites\/7\/2022\/09\/skinmed_DOCTORS_0880_Retusche-1024x666.jpg\" class=\"attachment-large size-large wp-image-1901\" alt=\"\" srcset=\"https:\/\/skinmeddocs.com\/de-de\/wp-content\/uploads\/sites\/7\/2022\/09\/skinmed_DOCTORS_0880_Retusche-1024x666.jpg 1024w, https:\/\/skinmeddocs.com\/de-de\/wp-content\/uploads\/sites\/7\/2022\/09\/skinmed_DOCTORS_0880_Retusche-300x195.jpg 300w, https:\/\/skinmeddocs.com\/de-de\/wp-content\/uploads\/sites\/7\/2022\/09\/skinmed_DOCTORS_0880_Retusche-768x500.jpg 768w, https:\/\/skinmeddocs.com\/de-de\/wp-content\/uploads\/sites\/7\/2022\/09\/skinmed_DOCTORS_0880_Retusche-1030x670.jpg 1030w, https:\/\/skinmeddocs.com\/de-de\/wp-content\/uploads\/sites\/7\/2022\/09\/skinmed_DOCTORS_0880_Retusche-426x277.jpg 426w, https:\/\/skinmeddocs.com\/de-de\/wp-content\/uploads\/sites\/7\/2022\/09\/skinmed_DOCTORS_0880_Retusche-254x165.jpg 254w, https:\/\/skinmeddocs.com\/de-de\/wp-content\/uploads\/sites\/7\/2022\/09\/skinmed_DOCTORS_0880_Retusche.jpg 1316w\" sizes=\"(max-width: 1024px) 100vw, 1024px\" \/>\t\t\t\t\t\t\t\t\t\t\t\t\t\t\t<\/div>\n\t\t\t\t<\/div>\n\t\t\t\t\t<\/div>\n\t\t<\/div>\n\t\t\t\t\t<\/div>\n\t\t<\/section>\n\t\t\t\t<section class=\"elementor-section elementor-top-section elementor-element elementor-element-141ccab8 elementor-section-boxed elementor-section-height-default elementor-section-height-default\" data-id=\"141ccab8\" data-element_type=\"section\" data-settings=\"{&quot;motion_fx_motion_fx_scrolling&quot;:&quot;yes&quot;,&quot;motion_fx_devices&quot;:[&quot;desktop&quot;,&quot;tablet&quot;,&quot;mobile&quot;]}\">\n\t\t\t\t\t\t<div class=\"elementor-container elementor-column-gap-default\">\n\t\t\t\t\t<div class=\"elementor-column elementor-col-100 elementor-top-column elementor-element elementor-element-59064710\" data-id=\"59064710\" data-element_type=\"column\">\n\t\t\t<div class=\"elementor-widget-wrap elementor-element-populated\">\n\t\t\t\t\t\t<div class=\"elementor-element elementor-element-2a176609 elementor-invisible elementor-widget elementor-widget-heading\" data-id=\"2a176609\" data-element_type=\"widget\" data-settings=\"{&quot;_animation&quot;:&quot;fadeIn&quot;,&quot;_animation_mobile&quot;:&quot;none&quot;}\" data-widget_type=\"heading.default\">\n\t\t\t\t<div class=\"elementor-widget-container\">\n\t\t\t\t\t<h3 class=\"elementor-heading-title elementor-size-default\">Deine Haut steht bei uns im Mittelpunkt<\/h3>\t\t\t\t<\/div>\n\t\t\t\t<\/div>\n\t\t\t\t<div class=\"elementor-element elementor-element-2b2d0221 elementor-invisible elementor-widget elementor-widget-text-editor\" data-id=\"2b2d0221\" data-element_type=\"widget\" data-settings=\"{&quot;_animation&quot;:&quot;fadeIn&quot;,&quot;_animation_delay&quot;:&quot;300&quot;,&quot;_animation_mobile&quot;:&quot;none&quot;}\" data-widget_type=\"text-editor.default\">\n\t\t\t\t<div class=\"elementor-widget-container\">\n\t\t\t\t\t\t\t\t\t<p>Wir sind davon \u00fcberzeugt, dass alle Hauttypen, -farben sowie -beschaffenheiten individuell sind. Unsere klinisch erprobten, leistungsstarken Produkte gehen auf deine pers\u00f6nlichen Bed\u00fcrfnisse ein und geben deiner Haut die medizinische Aufmerksamkeit, die sie verdient. Unsere Mission ist es, Menschen dabei zu helfen, ihr Leben in vollen Z\u00fcgen zu geniessen, indem sie besser aussehen und sich in ihrer Haut wohler f\u00fchlen.<\/p>\t\t\t\t\t\t\t\t<\/div>\n\t\t\t\t<\/div>\n\t\t\t\t\t<\/div>\n\t\t<\/div>\n\t\t\t\t\t<\/div>\n\t\t<\/section>\n\t\t\t\t<section class=\"elementor-section elementor-top-section elementor-element elementor-element-827545e elementor-section-boxed elementor-section-height-default elementor-section-height-default\" data-id=\"827545e\" data-element_type=\"section\">\n\t\t\t\t\t\t<div class=\"elementor-container elementor-column-gap-default\">\n\t\t\t\t\t<div class=\"elementor-column elementor-col-50 elementor-top-column elementor-element elementor-element-91c3d3a\" data-id=\"91c3d3a\" data-element_type=\"column\">\n\t\t\t<div class=\"elementor-widget-wrap elementor-element-populated\">\n\t\t\t\t\t\t<div class=\"elementor-element elementor-element-5570d7f elementor-invisible elementor-widget elementor-widget-heading\" data-id=\"5570d7f\" data-element_type=\"widget\" data-settings=\"{&quot;_animation&quot;:&quot;fadeInLeft&quot;,&quot;_animation_mobile&quot;:&quot;none&quot;}\" data-widget_type=\"heading.default\">\n\t\t\t\t<div class=\"elementor-widget-container\">\n\t\t\t\t\t<h3 class=\"elementor-heading-title elementor-size-default\">Lerne unseren Gr\u00fcnder kennen<\/h3>\t\t\t\t<\/div>\n\t\t\t\t<\/div>\n\t\t\t\t<div class=\"elementor-element elementor-element-cb33e91 elementor-invisible elementor-widget elementor-widget-text-editor\" data-id=\"cb33e91\" data-element_type=\"widget\" data-settings=\"{&quot;_animation&quot;:&quot;fadeInLeft&quot;,&quot;_animation_delay&quot;:&quot;300&quot;,&quot;_animation_mobile&quot;:&quot;none&quot;}\" data-widget_type=\"text-editor.default\">\n\t\t\t\t<div class=\"elementor-widget-container\">\n\t\t\t\t\t\t\t\t\t<p>Dr. Felix Bertram ist einer der f\u00fchrenden Hautspezialisten der Schweiz und bekannt f\u00fcr seinen ganzheitlichen Ansatz in Sachen Hautgesundheit, -pflege und Sch\u00f6nheit. Er hat eine Leidenschaft f\u00fcr zug\u00e4ngliche sowie effektive Hautpflege und ber\u00e4t sich regelm\u00e4ssig mit seinem Expertenteam. So entwickelt er neue und innovative Produkte, die auf die Bed\u00fcrfnisse seiner Patientinnen und Patienten zugeschnitten sind. Die jahrzehntelange Erfahrung von Dr. Bertram und seinem Team in der Analyse und Diagnose von Hautproblemen hat sie dazu motiviert, professionelle und wirksame Produkte zu entwickeln, die Hautprobleme l\u00f6sen.<\/p>\t\t\t\t\t\t\t\t<\/div>\n\t\t\t\t<\/div>\n\t\t\t\t\t<\/div>\n\t\t<\/div>\n\t\t\t\t<div class=\"elementor-column elementor-col-50 elementor-top-column elementor-element elementor-element-10244a4\" data-id=\"10244a4\" data-element_type=\"column\">\n\t\t\t<div class=\"elementor-widget-wrap elementor-element-populated\">\n\t\t\t\t\t\t<div class=\"elementor-element elementor-element-7a20123 elementor-invisible elementor-widget elementor-widget-image\" data-id=\"7a20123\" data-element_type=\"widget\" data-settings=\"{&quot;_animation&quot;:&quot;fadeInRight&quot;,&quot;_animation_mobile&quot;:&quot;none&quot;}\" data-widget_type=\"image.default\">\n\t\t\t\t<div class=\"elementor-widget-container\">\n\t\t\t\t\t\t\t\t\t\t\t\t\t\t\t<img decoding=\"async\" width=\"836\" height=\"1024\" src=\"https:\/\/skinmeddocs.com\/de-de\/wp-content\/uploads\/sites\/7\/2022\/09\/Portrait_FelixBertram_2@2x-836x1024.png\" class=\"attachment-large size-large wp-image-1191\" alt=\"\" srcset=\"https:\/\/skinmeddocs.com\/de-de\/wp-content\/uploads\/sites\/7\/2022\/09\/Portrait_FelixBertram_2@2x-836x1024.png 836w, https:\/\/skinmeddocs.com\/de-de\/wp-content\/uploads\/sites\/7\/2022\/09\/Portrait_FelixBertram_2@2x-426x522.png 426w, https:\/\/skinmeddocs.com\/de-de\/wp-content\/uploads\/sites\/7\/2022\/09\/Portrait_FelixBertram_2@2x-254x311.png 254w, https:\/\/skinmeddocs.com\/de-de\/wp-content\/uploads\/sites\/7\/2022\/09\/Portrait_FelixBertram_2@2x-245x300.png 245w, https:\/\/skinmeddocs.com\/de-de\/wp-content\/uploads\/sites\/7\/2022\/09\/Portrait_FelixBertram_2@2x-768x940.png 768w, https:\/\/skinmeddocs.com\/de-de\/wp-content\/uploads\/sites\/7\/2022\/09\/Portrait_FelixBertram_2@2x-547x670.png 547w, https:\/\/skinmeddocs.com\/de-de\/wp-content\/uploads\/sites\/7\/2022\/09\/Portrait_FelixBertram_2@2x.png 962w\" sizes=\"(max-width: 836px) 100vw, 836px\" \/>\t\t\t\t\t\t\t\t\t\t\t\t\t\t\t<\/div>\n\t\t\t\t<\/div>\n\t\t\t\t\t<\/div>\n\t\t<\/div>\n\t\t\t\t\t<\/div>\n\t\t<\/section>\n\t\t\t\t<section class=\"elementor-section elementor-top-section elementor-element elementor-element-0c90f00 elementor-reverse-mobile elementor-section-boxed elementor-section-height-default elementor-section-height-default\" data-id=\"0c90f00\" data-element_type=\"section\">\n\t\t\t\t\t\t<div class=\"elementor-container elementor-column-gap-default\">\n\t\t\t\t\t<div class=\"elementor-column elementor-col-50 elementor-top-column elementor-element elementor-element-3e6011a\" data-id=\"3e6011a\" data-element_type=\"column\">\n\t\t\t<div class=\"elementor-widget-wrap elementor-element-populated\">\n\t\t\t\t\t\t<div class=\"elementor-element elementor-element-5e00ce8 elementor-invisible elementor-widget elementor-widget-image\" data-id=\"5e00ce8\" data-element_type=\"widget\" data-settings=\"{&quot;_animation&quot;:&quot;fadeInLeft&quot;,&quot;_animation_mobile&quot;:&quot;none&quot;}\" data-widget_type=\"image.default\">\n\t\t\t\t<div class=\"elementor-widget-container\">\n\t\t\t\t\t\t\t\t\t\t\t\t\t\t\t<img decoding=\"async\" width=\"1024\" height=\"869\" src=\"https:\/\/skinmeddocs.com\/de-de\/wp-content\/uploads\/sites\/7\/2022\/09\/Standort_Lenzburg_Bild-2@2x-1024x869.png\" class=\"attachment-large size-large wp-image-1192\" alt=\"\" srcset=\"https:\/\/skinmeddocs.com\/de-de\/wp-content\/uploads\/sites\/7\/2022\/09\/Standort_Lenzburg_Bild-2@2x-1024x869.png 1024w, https:\/\/skinmeddocs.com\/de-de\/wp-content\/uploads\/sites\/7\/2022\/09\/Standort_Lenzburg_Bild-2@2x-426x362.png 426w, https:\/\/skinmeddocs.com\/de-de\/wp-content\/uploads\/sites\/7\/2022\/09\/Standort_Lenzburg_Bild-2@2x-254x216.png 254w, https:\/\/skinmeddocs.com\/de-de\/wp-content\/uploads\/sites\/7\/2022\/09\/Standort_Lenzburg_Bild-2@2x-300x255.png 300w, https:\/\/skinmeddocs.com\/de-de\/wp-content\/uploads\/sites\/7\/2022\/09\/Standort_Lenzburg_Bild-2@2x-768x652.png 768w, https:\/\/skinmeddocs.com\/de-de\/wp-content\/uploads\/sites\/7\/2022\/09\/Standort_Lenzburg_Bild-2@2x-789x670.png 789w, https:\/\/skinmeddocs.com\/de-de\/wp-content\/uploads\/sites\/7\/2022\/09\/Standort_Lenzburg_Bild-2@2x.png 1296w\" sizes=\"(max-width: 1024px) 100vw, 1024px\" \/>\t\t\t\t\t\t\t\t\t\t\t\t\t\t\t<\/div>\n\t\t\t\t<\/div>\n\t\t\t\t\t<\/div>\n\t\t<\/div>\n\t\t\t\t<div class=\"elementor-column elementor-col-50 elementor-top-column elementor-element elementor-element-1453e9d\" data-id=\"1453e9d\" data-element_type=\"column\">\n\t\t\t<div class=\"elementor-widget-wrap elementor-element-populated\">\n\t\t\t\t\t\t<div class=\"elementor-element elementor-element-ca752da elementor-invisible elementor-widget elementor-widget-heading\" data-id=\"ca752da\" data-element_type=\"widget\" data-settings=\"{&quot;_animation&quot;:&quot;fadeInRight&quot;,&quot;_animation_mobile&quot;:&quot;none&quot;}\" data-widget_type=\"heading.default\">\n\t\t\t\t<div class=\"elementor-widget-container\">\n\t\t\t\t\t<h3 class=\"elementor-heading-title elementor-size-default\">Skinmed Kliniken<\/h3>\t\t\t\t<\/div>\n\t\t\t\t<\/div>\n\t\t\t\t<div class=\"elementor-element elementor-element-222a2ff elementor-invisible elementor-widget elementor-widget-text-editor\" data-id=\"222a2ff\" data-element_type=\"widget\" data-settings=\"{&quot;_animation&quot;:&quot;fadeInRight&quot;,&quot;_animation_delay&quot;:&quot;300&quot;,&quot;_animation_mobile&quot;:&quot;none&quot;}\" data-widget_type=\"text-editor.default\">\n\t\t\t\t<div class=\"elementor-widget-container\">\n\t\t\t\t\t\t\t\t\t<p>Jede Skinmed-Klinik ist ein Kompetenzzentrum f\u00fcr Hautgesundheit. An vier Standorten in der Schweiz bieten Dr. Bertram und sein engagiertes Team eine Reihe von Behandlungen an &#8211; von der Dermatologie \u00fcber die \u00e4sthetische und plastische Chirurgie bis zur medizinischen Kosmetik. Geleitet von ihrer Philosophie hilft dir das Skinmed-Team, dich in deiner eigenen Haut wohl und sicher zu f\u00fchlen.&nbsp;<\/p>\n<p>Besuche&nbsp;<a href=\"https:\/\/www.skinmed.ch\/\" target=\"_blank\"><u>skinmed.ch<\/u><\/a>&nbsp;und erfahre mehr \u00fcber unsere Kliniken und Behandlungen.<\/p>\t\t\t\t\t\t\t\t<\/div>\n\t\t\t\t<\/div>\n\t\t\t\t\t<\/div>\n\t\t<\/div>\n\t\t\t\t\t<\/div>\n\t\t<\/section>\n\t\t\t\t<\/div>\n\t\t","protected":false},"excerpt":{"rendered":"<p>Medizinisch fundierte Gesichtspflege Skinmed Doctors ist eine medizinisch fundierte, wissenschaftlich belegte Hautpflegemarke, die von den f\u00fchrenden Schweizer Dermatologinnen und Dermatologen sowie plastischen Chirurginnen und Chirurgen&nbsp;der renommierten und schweizweit bekannten Skinmed Kliniken entwickelt wurde. Die Marke besteht aus 15 Produkten, die jeweils auf ein bestimmtes Hautproblem zugeschnitten sind. Gest\u00fctzt auf umfangreiche Laborforschung sowie Expertise und Erfahrung&#8230;<\/p>\n","protected":false},"author":1,"featured_media":0,"parent":0,"menu_order":0,"comment_status":"closed","ping_status":"closed","template":"","meta":{"_seopress_robots_primary_cat":"","_seopress_titles_title":"\u00dcber uns | Skinmed Doctors","_seopress_titles_desc":"Skinmed Doctors ist eine medizinisch fundierte Hautpflegemarke, die von f\u00fchrenden Schweizer DermatologInnen sowie plastischen ChirurgInnen entwickelt wurde. ","_seopress_robots_index":"","footnotes":""},"class_list":["post-1183","page","type-page","status-publish","hentry"],"acf":[],"_links":{"self":[{"href":"https:\/\/skinmeddocs.com\/de-de\/wp-json\/wp\/v2\/pages\/1183","targetHints":{"allow":["GET"]}}],"collection":[{"href":"https:\/\/skinmeddocs.com\/de-de\/wp-json\/wp\/v2\/pages"}],"about":[{"href":"https:\/\/skinmeddocs.com\/de-de\/wp-json\/wp\/v2\/types\/page"}],"author":[{"embeddable":true,"href":"https:\/\/skinmeddocs.com\/de-de\/wp-json\/wp\/v2\/users\/1"}],"replies":[{"embeddable":true,"href":"https:\/\/skinmeddocs.com\/de-de\/wp-json\/wp\/v2\/comments?post=1183"}],"version-history":[{"count":124,"href":"https:\/\/skinmeddocs.com\/de-de\/wp-json\/wp\/v2\/pages\/1183\/revisions"}],"predecessor-version":[{"id":2631,"href":"https:\/\/skinmeddocs.com\/de-de\/wp-json\/wp\/v2\/pages\/1183\/revisions\/2631"}],"wp:attachment":[{"href":"https:\/\/skinmeddocs.com\/de-de\/wp-json\/wp\/v2\/media?parent=1183"}],"curies":[{"name":"wp","href":"https:\/\/api.w.org\/{rel}","templated":true}]}}