{"id":1104,"date":"2022-09-02T11:06:03","date_gmt":"2022-09-02T09:06:03","guid":{"rendered":"http:\/\/skinmeddocs.com\/de-de\/?page_id=1104"},"modified":"2023-09-11T16:15:55","modified_gmt":"2023-09-11T14:15:55","slug":"our-philosophy","status":"publish","type":"page","link":"https:\/\/skinmeddocs.com\/de-de\/our-philosophy\/","title":{"rendered":"Our Philosophy"},"content":{"rendered":"\t\t<div data-elementor-type=\"wp-page\" data-elementor-id=\"1104\" class=\"elementor elementor-1104\" data-elementor-post-type=\"page\">\n\t\t\t\t\t\t<section class=\"elementor-section elementor-top-section elementor-element elementor-element-167c7a4e elementor-section-boxed elementor-section-height-default elementor-section-height-default elementor-invisible\" data-id=\"167c7a4e\" data-element_type=\"section\" data-settings=\"{&quot;animation&quot;:&quot;fadeIn&quot;,&quot;animation_mobile&quot;:&quot;none&quot;}\">\n\t\t\t\t\t\t<div class=\"elementor-container elementor-column-gap-default\">\n\t\t\t\t\t<div class=\"elementor-column elementor-col-100 elementor-top-column elementor-element elementor-element-323c0137\" data-id=\"323c0137\" data-element_type=\"column\">\n\t\t\t<div class=\"elementor-widget-wrap elementor-element-populated\">\n\t\t\t\t\t\t<div class=\"elementor-element elementor-element-22a18ad2 elementor-widget elementor-widget-heading\" data-id=\"22a18ad2\" data-element_type=\"widget\" data-widget_type=\"heading.default\">\n\t\t\t\t<div class=\"elementor-widget-container\">\n\t\t\t\t\t<h1 class=\"elementor-heading-title elementor-size-default\">Unser Produktethos<\/h1>\t\t\t\t<\/div>\n\t\t\t\t<\/div>\n\t\t\t\t\t<\/div>\n\t\t<\/div>\n\t\t\t\t\t<\/div>\n\t\t<\/section>\n\t\t\t\t<section class=\"elementor-section elementor-top-section elementor-element elementor-element-b5677aa elementor-section-boxed elementor-section-height-default elementor-section-height-default\" data-id=\"b5677aa\" data-element_type=\"section\">\n\t\t\t\t\t\t<div class=\"elementor-container elementor-column-gap-no\">\n\t\t\t\t\t<div class=\"elementor-column elementor-col-50 elementor-top-column elementor-element elementor-element-658e5a4 elementor-invisible\" data-id=\"658e5a4\" data-element_type=\"column\" data-settings=\"{&quot;animation&quot;:&quot;fadeInLeft&quot;,&quot;animation_mobile&quot;:&quot;none&quot;}\">\n\t\t\t<div class=\"elementor-widget-wrap elementor-element-populated\">\n\t\t\t\t\t\t<div class=\"elementor-element elementor-element-105bd5a elementor-widget elementor-widget-image\" data-id=\"105bd5a\" data-element_type=\"widget\" data-widget_type=\"image.default\">\n\t\t\t\t<div class=\"elementor-widget-container\">\n\t\t\t\t\t\t\t\t\t\t\t\t\t\t\t<img fetchpriority=\"high\" decoding=\"async\" width=\"1024\" height=\"819\" src=\"https:\/\/skinmeddocs.com\/de-de\/wp-content\/uploads\/sites\/7\/2022\/09\/CLEAN-UND-SIMPEL-1-1024x819.jpg\" class=\"attachment-large size-large wp-image-1964\" alt=\"\" srcset=\"https:\/\/skinmeddocs.com\/de-de\/wp-content\/uploads\/sites\/7\/2022\/09\/CLEAN-UND-SIMPEL-1-1024x819.jpg 1024w, https:\/\/skinmeddocs.com\/de-de\/wp-content\/uploads\/sites\/7\/2022\/09\/CLEAN-UND-SIMPEL-1-300x240.jpg 300w, https:\/\/skinmeddocs.com\/de-de\/wp-content\/uploads\/sites\/7\/2022\/09\/CLEAN-UND-SIMPEL-1-768x614.jpg 768w, https:\/\/skinmeddocs.com\/de-de\/wp-content\/uploads\/sites\/7\/2022\/09\/CLEAN-UND-SIMPEL-1-838x670.jpg 838w, https:\/\/skinmeddocs.com\/de-de\/wp-content\/uploads\/sites\/7\/2022\/09\/CLEAN-UND-SIMPEL-1-426x341.jpg 426w, https:\/\/skinmeddocs.com\/de-de\/wp-content\/uploads\/sites\/7\/2022\/09\/CLEAN-UND-SIMPEL-1-254x203.jpg 254w, https:\/\/skinmeddocs.com\/de-de\/wp-content\/uploads\/sites\/7\/2022\/09\/CLEAN-UND-SIMPEL-1.jpg 1350w\" sizes=\"(max-width: 1024px) 100vw, 1024px\" \/>\t\t\t\t\t\t\t\t\t\t\t\t\t\t\t<\/div>\n\t\t\t\t<\/div>\n\t\t\t\t\t<\/div>\n\t\t<\/div>\n\t\t\t\t<div class=\"elementor-column elementor-col-50 elementor-top-column elementor-element elementor-element-f0ed032\" data-id=\"f0ed032\" data-element_type=\"column\">\n\t\t\t<div class=\"elementor-widget-wrap elementor-element-populated\">\n\t\t\t\t\t\t<div class=\"elementor-element elementor-element-e0e039d elementor-invisible elementor-widget elementor-widget-heading\" data-id=\"e0e039d\" data-element_type=\"widget\" data-settings=\"{&quot;_animation&quot;:&quot;fadeInRight&quot;,&quot;_animation_mobile&quot;:&quot;none&quot;}\" data-widget_type=\"heading.default\">\n\t\t\t\t<div class=\"elementor-widget-container\">\n\t\t\t\t\t<h3 class=\"elementor-heading-title elementor-size-default\">auf das wesentliche fokussiert<\/h3>\t\t\t\t<\/div>\n\t\t\t\t<\/div>\n\t\t\t\t<div class=\"elementor-element elementor-element-d390bd6 elementor-invisible elementor-widget elementor-widget-text-editor\" data-id=\"d390bd6\" data-element_type=\"widget\" data-settings=\"{&quot;_animation&quot;:&quot;fadeInRight&quot;,&quot;_animation_delay&quot;:&quot;300&quot;,&quot;_animation_mobile&quot;:&quot;none&quot;}\" data-widget_type=\"text-editor.default\">\n\t\t\t\t<div class=\"elementor-widget-container\">\n\t\t\t\t\t\t\t\t\t<p><span>Jede unserer Formulierungen ist mit maximal drei Aktivwirkstoffen in einer optimalen Konzentration und Kombination ausgestattet. 13 Produkte, die jeweils ein bestimmtes Hautproblem oder Hautbed\u00fcrfnis adressieren &#8211; entwickelt von unseren f\u00fchrenden Dermatolog\/Innen und plastischen Chirurg\/Innen der Skinmed Kliniken.<\/span><\/p>\n<p>Was die Produkte enthalten ist genauso wichtig, wie was sie nicht enthalten &#8211; so beinhaltet keines unserer Produkte synthetische Duft- und Farbstoffe, Parabene, Silikone oder Mikroplastik.<\/p>\t\t\t\t\t\t\t\t<\/div>\n\t\t\t\t<\/div>\n\t\t\t\t\t<\/div>\n\t\t<\/div>\n\t\t\t\t\t<\/div>\n\t\t<\/section>\n\t\t\t\t<section class=\"elementor-section elementor-top-section elementor-element elementor-element-40b1fbf elementor-section-boxed elementor-section-height-default elementor-section-height-default\" data-id=\"40b1fbf\" data-element_type=\"section\" data-settings=\"{&quot;background_background&quot;:&quot;classic&quot;,&quot;background_motion_fx_motion_fx_mouse&quot;:&quot;yes&quot;,&quot;background_motion_fx_mouseTrack_effect&quot;:&quot;yes&quot;,&quot;background_motion_fx_mouseTrack_speed&quot;:{&quot;unit&quot;:&quot;px&quot;,&quot;size&quot;:&quot;0.1&quot;,&quot;sizes&quot;:[]}}\">\n\t\t\t\t\t\t<div class=\"elementor-container elementor-column-gap-no\">\n\t\t\t\t\t<div class=\"elementor-column elementor-col-50 elementor-top-column elementor-element elementor-element-54d2105\" data-id=\"54d2105\" data-element_type=\"column\">\n\t\t\t<div class=\"elementor-widget-wrap elementor-element-populated\">\n\t\t\t\t\t\t<div class=\"elementor-element elementor-element-55455f3 elementor-invisible elementor-widget elementor-widget-heading\" data-id=\"55455f3\" data-element_type=\"widget\" data-settings=\"{&quot;_animation&quot;:&quot;fadeInLeft&quot;,&quot;_animation_mobile&quot;:&quot;none&quot;}\" data-widget_type=\"heading.default\">\n\t\t\t\t<div class=\"elementor-widget-container\">\n\t\t\t\t\t<h3 class=\"elementor-heading-title elementor-size-default\">EFFEKTIVE, NACHHALTIG ENTWICKELTE HAUTPFLEGE<\/h3>\t\t\t\t<\/div>\n\t\t\t\t<\/div>\n\t\t\t\t<div class=\"elementor-element elementor-element-8ec0c51 elementor-invisible elementor-widget elementor-widget-text-editor\" data-id=\"8ec0c51\" data-element_type=\"widget\" data-settings=\"{&quot;_animation&quot;:&quot;fadeInLeft&quot;,&quot;_animation_delay&quot;:&quot;300&quot;,&quot;_animation_mobile&quot;:&quot;none&quot;}\" data-widget_type=\"text-editor.default\">\n\t\t\t\t<div class=\"elementor-widget-container\">\n\t\t\t\t\t\t\t\t\t<p><span>Unser cleaner Ansatz gilt f\u00fcr alles, was wir tun. Die gesamte Skinmed Doctors Linie ist vegan, frei von Tierversuchen und unter ethischen Voraussetzungen hergestellt.\u00a0<\/span><\/p>\t\t\t\t\t\t\t\t<\/div>\n\t\t\t\t<\/div>\n\t\t\t\t\t<\/div>\n\t\t<\/div>\n\t\t\t\t<div class=\"elementor-column elementor-col-50 elementor-top-column elementor-element elementor-element-e3f8893 elementor-hidden-tablet elementor-hidden-mobile\" data-id=\"e3f8893\" data-element_type=\"column\">\n\t\t\t<div class=\"elementor-widget-wrap\">\n\t\t\t\t\t\t\t<\/div>\n\t\t<\/div>\n\t\t\t\t\t<\/div>\n\t\t<\/section>\n\t\t\t\t<section class=\"elementor-section elementor-top-section elementor-element elementor-element-67e32d7 elementor-section-boxed elementor-section-height-default elementor-section-height-default\" data-id=\"67e32d7\" data-element_type=\"section\" data-settings=\"{&quot;background_background&quot;:&quot;classic&quot;,&quot;background_motion_fx_motion_fx_mouse&quot;:&quot;yes&quot;,&quot;background_motion_fx_mouseTrack_effect&quot;:&quot;yes&quot;,&quot;background_motion_fx_mouseTrack_speed&quot;:{&quot;unit&quot;:&quot;px&quot;,&quot;size&quot;:&quot;0.5&quot;,&quot;sizes&quot;:[]}}\">\n\t\t\t\t\t\t<div class=\"elementor-container elementor-column-gap-no\">\n\t\t\t\t\t<div class=\"elementor-column elementor-col-100 elementor-top-column elementor-element elementor-element-6e3563b\" data-id=\"6e3563b\" data-element_type=\"column\">\n\t\t\t<div class=\"elementor-widget-wrap elementor-element-populated\">\n\t\t\t\t\t\t<div class=\"elementor-element elementor-element-ecc111c elementor-invisible elementor-widget elementor-widget-heading\" data-id=\"ecc111c\" data-element_type=\"widget\" data-settings=\"{&quot;_animation&quot;:&quot;fadeIn&quot;,&quot;_animation_mobile&quot;:&quot;none&quot;}\" data-widget_type=\"heading.default\">\n\t\t\t\t<div class=\"elementor-widget-container\">\n\t\t\t\t\t<h3 class=\"elementor-heading-title elementor-size-default\">Unser PACKAGING <\/h3>\t\t\t\t<\/div>\n\t\t\t\t<\/div>\n\t\t\t\t<div class=\"elementor-element elementor-element-c8a2f89 elementor-invisible elementor-widget elementor-widget-text-editor\" data-id=\"c8a2f89\" data-element_type=\"widget\" data-settings=\"{&quot;_animation&quot;:&quot;fadeIn&quot;,&quot;_animation_delay&quot;:&quot;300&quot;,&quot;_animation_mobile&quot;:&quot;none&quot;}\" data-widget_type=\"text-editor.default\">\n\t\t\t\t<div class=\"elementor-widget-container\">\n\t\t\t\t\t\t\t\t\t<p>Unsere Verpackungen bestehen zu 80% bis 100% aus recyclebaren Materialien. Um auch unsere Kunden und Kundinnen dabei zu unterst\u00fctzen, etwas Gutes f\u00fcr die Umwelt zu tun, helfen wir bei der Entsorgung zu Hause: Auf all unseren Produkten kommunizieren wir eine einfach zu befolgende Anleitung, wie das jeweilige Produkt recycelt werden soll.&nbsp;<br><span>Und um unsere Transparenz noch weiter zu erh\u00f6hen, f\u00fchren wir auf den Verpackungen der Produkte alle Inhaltsstoffe und deren Funktionen auf.<\/span><\/p>\t\t\t\t\t\t\t\t<\/div>\n\t\t\t\t<\/div>\n\t\t\t\t\t<\/div>\n\t\t<\/div>\n\t\t\t\t\t<\/div>\n\t\t<\/section>\n\t\t\t\t<section class=\"elementor-section elementor-top-section elementor-element elementor-element-88d4bc4 elementor-section-boxed elementor-section-height-default elementor-section-height-default\" data-id=\"88d4bc4\" data-element_type=\"section\" data-settings=\"{&quot;background_background&quot;:&quot;classic&quot;,&quot;background_motion_fx_motion_fx_mouse&quot;:&quot;yes&quot;,&quot;background_motion_fx_mouseTrack_effect&quot;:&quot;yes&quot;,&quot;background_motion_fx_mouseTrack_speed&quot;:{&quot;unit&quot;:&quot;px&quot;,&quot;size&quot;:&quot;0.5&quot;,&quot;sizes&quot;:[]}}\">\n\t\t\t\t\t\t<div class=\"elementor-container elementor-column-gap-no\">\n\t\t\t\t\t<div class=\"elementor-column elementor-col-100 elementor-top-column elementor-element elementor-element-a07b504\" data-id=\"a07b504\" data-element_type=\"column\">\n\t\t\t<div class=\"elementor-widget-wrap elementor-element-populated\">\n\t\t\t\t\t\t<div class=\"elementor-element elementor-element-55179c9 elementor-invisible elementor-widget elementor-widget-image\" data-id=\"55179c9\" data-element_type=\"widget\" data-settings=\"{&quot;_animation&quot;:&quot;fadeIn&quot;,&quot;motion_fx_motion_fx_scrolling&quot;:&quot;yes&quot;,&quot;_animation_mobile&quot;:&quot;none&quot;,&quot;motion_fx_devices&quot;:[&quot;desktop&quot;,&quot;tablet&quot;,&quot;mobile&quot;]}\" data-widget_type=\"image.default\">\n\t\t\t\t<div class=\"elementor-widget-container\">\n\t\t\t\t\t\t\t\t\t\t\t\t\t\t\t<img decoding=\"async\" width=\"1230\" height=\"1079\" src=\"https:\/\/skinmeddocs.com\/de-de\/wp-content\/uploads\/sites\/7\/2022\/10\/Our-Philosophy-DE.jpg\" class=\"attachment-full size-full wp-image-1992\" alt=\"\" srcset=\"https:\/\/skinmeddocs.com\/de-de\/wp-content\/uploads\/sites\/7\/2022\/10\/Our-Philosophy-DE.jpg 1230w, https:\/\/skinmeddocs.com\/de-de\/wp-content\/uploads\/sites\/7\/2022\/10\/Our-Philosophy-DE-300x263.jpg 300w, https:\/\/skinmeddocs.com\/de-de\/wp-content\/uploads\/sites\/7\/2022\/10\/Our-Philosophy-DE-1024x898.jpg 1024w, https:\/\/skinmeddocs.com\/de-de\/wp-content\/uploads\/sites\/7\/2022\/10\/Our-Philosophy-DE-768x674.jpg 768w, https:\/\/skinmeddocs.com\/de-de\/wp-content\/uploads\/sites\/7\/2022\/10\/Our-Philosophy-DE-764x670.jpg 764w, https:\/\/skinmeddocs.com\/de-de\/wp-content\/uploads\/sites\/7\/2022\/10\/Our-Philosophy-DE-426x374.jpg 426w, https:\/\/skinmeddocs.com\/de-de\/wp-content\/uploads\/sites\/7\/2022\/10\/Our-Philosophy-DE-254x223.jpg 254w\" sizes=\"(max-width: 1230px) 100vw, 1230px\" \/>\t\t\t\t\t\t\t\t\t\t\t\t\t\t\t<\/div>\n\t\t\t\t<\/div>\n\t\t\t\t\t<\/div>\n\t\t<\/div>\n\t\t\t\t\t<\/div>\n\t\t<\/section>\n\t\t\t\t<section class=\"elementor-section elementor-top-section elementor-element elementor-element-4eea3c0 elementor-section-boxed elementor-section-height-default elementor-section-height-default\" data-id=\"4eea3c0\" data-element_type=\"section\" data-settings=\"{&quot;background_background&quot;:&quot;classic&quot;}\">\n\t\t\t\t\t\t<div class=\"elementor-container elementor-column-gap-no\">\n\t\t\t\t\t<div class=\"elementor-column elementor-col-50 elementor-top-column elementor-element elementor-element-170f17e elementor-invisible\" data-id=\"170f17e\" data-element_type=\"column\" data-settings=\"{&quot;animation&quot;:&quot;fadeInLeft&quot;,&quot;animation_mobile&quot;:&quot;none&quot;}\">\n\t\t\t<div class=\"elementor-widget-wrap elementor-element-populated\">\n\t\t\t\t\t\t<div class=\"elementor-element elementor-element-21e692f elementor-widget elementor-widget-image\" data-id=\"21e692f\" data-element_type=\"widget\" data-widget_type=\"image.default\">\n\t\t\t\t<div class=\"elementor-widget-container\">\n\t\t\t\t\t\t\t\t\t\t\t\t\t\t\t<img decoding=\"async\" width=\"732\" height=\"1024\" src=\"https:\/\/skinmeddocs.com\/de-de\/wp-content\/uploads\/sites\/7\/2022\/09\/skinmed_DOCTORS_Products_0270_Retusche@2x-732x1024.png\" class=\"attachment-large size-large wp-image-1151\" alt=\"\" srcset=\"https:\/\/skinmeddocs.com\/de-de\/wp-content\/uploads\/sites\/7\/2022\/09\/skinmed_DOCTORS_Products_0270_Retusche@2x-732x1024.png 732w, https:\/\/skinmeddocs.com\/de-de\/wp-content\/uploads\/sites\/7\/2022\/09\/skinmed_DOCTORS_Products_0270_Retusche@2x-426x596.png 426w, https:\/\/skinmeddocs.com\/de-de\/wp-content\/uploads\/sites\/7\/2022\/09\/skinmed_DOCTORS_Products_0270_Retusche@2x-254x355.png 254w, https:\/\/skinmeddocs.com\/de-de\/wp-content\/uploads\/sites\/7\/2022\/09\/skinmed_DOCTORS_Products_0270_Retusche@2x-214x300.png 214w, https:\/\/skinmeddocs.com\/de-de\/wp-content\/uploads\/sites\/7\/2022\/09\/skinmed_DOCTORS_Products_0270_Retusche@2x-768x1075.png 768w, https:\/\/skinmeddocs.com\/de-de\/wp-content\/uploads\/sites\/7\/2022\/09\/skinmed_DOCTORS_Products_0270_Retusche@2x-479x670.png 479w, https:\/\/skinmeddocs.com\/de-de\/wp-content\/uploads\/sites\/7\/2022\/09\/skinmed_DOCTORS_Products_0270_Retusche@2x.png 962w\" sizes=\"(max-width: 732px) 100vw, 732px\" \/>\t\t\t\t\t\t\t\t\t\t\t\t\t\t\t<\/div>\n\t\t\t\t<\/div>\n\t\t\t\t\t<\/div>\n\t\t<\/div>\n\t\t\t\t<div class=\"elementor-column elementor-col-50 elementor-top-column elementor-element elementor-element-7193ec8\" data-id=\"7193ec8\" data-element_type=\"column\">\n\t\t\t<div class=\"elementor-widget-wrap elementor-element-populated\">\n\t\t\t\t\t\t<div class=\"elementor-element elementor-element-37b41ac elementor-invisible elementor-widget elementor-widget-heading\" data-id=\"37b41ac\" data-element_type=\"widget\" data-settings=\"{&quot;_animation&quot;:&quot;fadeInRight&quot;,&quot;_animation_mobile&quot;:&quot;none&quot;}\" data-widget_type=\"heading.default\">\n\t\t\t\t<div class=\"elementor-widget-container\">\n\t\t\t\t\t<h3 class=\"elementor-heading-title elementor-size-default\">VON \u00c4RZT\/INNEN ENTWICKELT<\/h3>\t\t\t\t<\/div>\n\t\t\t\t<\/div>\n\t\t\t\t<div class=\"elementor-element elementor-element-95883fa elementor-invisible elementor-widget elementor-widget-text-editor\" data-id=\"95883fa\" data-element_type=\"widget\" data-settings=\"{&quot;_animation&quot;:&quot;fadeInRight&quot;,&quot;_animation_delay&quot;:&quot;300&quot;,&quot;_animation_mobile&quot;:&quot;none&quot;}\" data-widget_type=\"text-editor.default\">\n\t\t\t\t<div class=\"elementor-widget-container\">\n\t\t\t\t\t\t\t\t\t<p><strong><span>Wissenschaftlich bewiesen.<\/span><\/strong><\/p>\n<p>Deine Haut ist bei uns in guten H\u00e4nden. Unsere wissenschaftlich fundierten L\u00f6sungen wurden von unseren f\u00fchrenden Skinmed Dermatologinnen und Dermatologen sowie plastischen Chirurginnen und Chirurgen entwickelt. Durch die Verkn\u00fcpfung ihrer jahrzehntelangen Erfahrung und medizinischen Kompetenz&nbsp; mit weitreichender wissenschaftlicher Forschung ist Skinmed Doctors eine professionelle Hautpflegelinie mit leistungsstarken Formeln, die auf jeden Hauttyp abgestimmt ist.&nbsp;<\/p>\t\t\t\t\t\t\t\t<\/div>\n\t\t\t\t<\/div>\n\t\t\t\t\t<\/div>\n\t\t<\/div>\n\t\t\t\t\t<\/div>\n\t\t<\/section>\n\t\t\t\t<section class=\"elementor-section elementor-top-section elementor-element elementor-element-17851e5 elementor-section-boxed elementor-section-height-default elementor-section-height-default\" data-id=\"17851e5\" data-element_type=\"section\" data-settings=\"{&quot;background_background&quot;:&quot;classic&quot;}\">\n\t\t\t\t\t\t<div class=\"elementor-container elementor-column-gap-no\">\n\t\t\t\t\t<div class=\"elementor-column elementor-col-50 elementor-top-column elementor-element elementor-element-08be8d6 elementor-invisible\" data-id=\"08be8d6\" data-element_type=\"column\" data-settings=\"{&quot;animation&quot;:&quot;fadeInLeft&quot;}\">\n\t\t\t<div class=\"elementor-widget-wrap\">\n\t\t\t\t\t\t\t<\/div>\n\t\t<\/div>\n\t\t\t\t<div class=\"elementor-column elementor-col-50 elementor-top-column elementor-element elementor-element-6802483\" data-id=\"6802483\" data-element_type=\"column\">\n\t\t\t<div class=\"elementor-widget-wrap elementor-element-populated\">\n\t\t\t\t\t\t<div class=\"elementor-element elementor-element-21a7c54 animated-slow elementor-invisible elementor-widget elementor-widget-image\" data-id=\"21a7c54\" data-element_type=\"widget\" data-settings=\"{&quot;_animation&quot;:&quot;fadeInRight&quot;,&quot;_animation_delay&quot;:&quot;300&quot;,&quot;motion_fx_motion_fx_scrolling&quot;:&quot;yes&quot;,&quot;motion_fx_translateY_effect&quot;:&quot;yes&quot;,&quot;motion_fx_translateY_speed&quot;:{&quot;unit&quot;:&quot;px&quot;,&quot;size&quot;:4,&quot;sizes&quot;:[]},&quot;motion_fx_translateY_affectedRange&quot;:{&quot;unit&quot;:&quot;%&quot;,&quot;size&quot;:&quot;&quot;,&quot;sizes&quot;:{&quot;start&quot;:0,&quot;end&quot;:100}},&quot;motion_fx_devices&quot;:[&quot;desktop&quot;,&quot;tablet&quot;,&quot;mobile&quot;]}\" data-widget_type=\"image.default\">\n\t\t\t\t<div class=\"elementor-widget-container\">\n\t\t\t\t\t\t\t\t\t\t\t\t\t\t\t<img loading=\"lazy\" decoding=\"async\" width=\"445\" height=\"444\" src=\"https:\/\/skinmeddocs.com\/de-de\/wp-content\/uploads\/sites\/7\/2022\/09\/57-layers.svg\" class=\"attachment-large size-large wp-image-1152\" alt=\"\" \/>\t\t\t\t\t\t\t\t\t\t\t\t\t\t\t<\/div>\n\t\t\t\t<\/div>\n\t\t\t\t\t<\/div>\n\t\t<\/div>\n\t\t\t\t\t<\/div>\n\t\t<\/section>\n\t\t\t\t<\/div>\n\t\t","protected":false},"excerpt":{"rendered":"<p>\/*! elementor &#8211; v3.9.2 &#8211; 21-12-2022 *\/ .elementor-heading-title{padding:0;margin:0;line-height:1}.elementor-widget-heading .elementor-heading-title[class*=elementor-size-]&gt;a{color:inherit;font-size:inherit;line-height:inherit}.elementor-widget-heading .elementor-heading-title.elementor-size-small{font-size:15px}.elementor-widget-heading .elementor-heading-title.elementor-size-medium{font-size:19px}.elementor-widget-heading .elementor-heading-title.elementor-size-large{font-size:29px}.elementor-widget-heading .elementor-heading-title.elementor-size-xl{font-size:39px}.elementor-widget-heading .elementor-heading-title.elementor-size-xxl{font-size:59px} Unser Produktethos \/*! elementor &#8211; v3.9.2 &#8211; 21-12-2022 *\/ .elementor-widget-image{text-align:center}.elementor-widget-image a{display:inline-block}.elementor-widget-image a img[src$=&#8221;.svg&#8221;]{width:48px}.elementor-widget-image img{vertical-align:middle;display:inline-block} auf das wesentliche fokussiert Jede unserer Formulierungen ist mit maximal drei Aktivwirkstoffen in einer optimalen Konzentration und Kombination ausgestattet. 13 Produkte, die jeweils ein bestimmtes Hautproblem oder&#8230;<\/p>\n","protected":false},"author":1,"featured_media":0,"parent":0,"menu_order":0,"comment_status":"closed","ping_status":"closed","template":"","meta":{"_seopress_robots_primary_cat":"","_seopress_titles_title":"Unser Produktethos | Skinmed Doctors","_seopress_titles_desc":"Jedes Produkt unserer medizinisch fundierten Linie enth\u00e4lt maximal drei Aktivwirkstoffe. Skinmed Doctors steht f\u00fcr effektive, nachhaltig entwickelte Hautpflege.","_seopress_robots_index":"","footnotes":""},"class_list":["post-1104","page","type-page","status-publish","hentry"],"acf":[],"_links":{"self":[{"href":"https:\/\/skinmeddocs.com\/de-de\/wp-json\/wp\/v2\/pages\/1104","targetHints":{"allow":["GET"]}}],"collection":[{"href":"https:\/\/skinmeddocs.com\/de-de\/wp-json\/wp\/v2\/pages"}],"about":[{"href":"https:\/\/skinmeddocs.com\/de-de\/wp-json\/wp\/v2\/types\/page"}],"author":[{"embeddable":true,"href":"https:\/\/skinmeddocs.com\/de-de\/wp-json\/wp\/v2\/users\/1"}],"replies":[{"embeddable":true,"href":"https:\/\/skinmeddocs.com\/de-de\/wp-json\/wp\/v2\/comments?post=1104"}],"version-history":[{"count":242,"href":"https:\/\/skinmeddocs.com\/de-de\/wp-json\/wp\/v2\/pages\/1104\/revisions"}],"predecessor-version":[{"id":2416,"href":"https:\/\/skinmeddocs.com\/de-de\/wp-json\/wp\/v2\/pages\/1104\/revisions\/2416"}],"wp:attachment":[{"href":"https:\/\/skinmeddocs.com\/de-de\/wp-json\/wp\/v2\/media?parent=1104"}],"curies":[{"name":"wp","href":"https:\/\/api.w.org\/{rel}","templated":true}]}}