{"id":1317,"date":"2022-09-07T16:19:21","date_gmt":"2022-09-07T14:19:21","guid":{"rendered":"http:\/\/skinmeddocs.com\/ch-en\/?page_id=1317"},"modified":"2022-11-14T14:53:05","modified_gmt":"2022-11-14T13:53:05","slug":"agb","status":"publish","type":"page","link":"https:\/\/skinmeddocs.com\/ch-en\/agb\/","title":{"rendered":"AGB"},"content":{"rendered":"\t\t<div data-elementor-type=\"wp-page\" data-elementor-id=\"1317\" class=\"elementor elementor-1317\" data-elementor-post-type=\"page\">\n\t\t\t\t\t\t<section class=\"elementor-section elementor-top-section elementor-element elementor-element-5dce8e73 plain-text elementor-section-boxed elementor-section-height-default elementor-section-height-default\" data-id=\"5dce8e73\" data-element_type=\"section\">\n\t\t\t\t\t\t<div class=\"elementor-container elementor-column-gap-default\">\n\t\t\t\t\t<div class=\"elementor-column elementor-col-100 elementor-top-column elementor-element elementor-element-3df6eddd\" data-id=\"3df6eddd\" data-element_type=\"column\">\n\t\t\t<div class=\"elementor-widget-wrap elementor-element-populated\">\n\t\t\t\t\t\t<div class=\"elementor-element elementor-element-545d8b18 elementor-widget elementor-widget-heading\" data-id=\"545d8b18\" data-element_type=\"widget\" data-widget_type=\"heading.default\">\n\t\t\t\t<div class=\"elementor-widget-container\">\n\t\t\t\t\t<h1 class=\"elementor-heading-title elementor-size-default\">AGB<\/h1>\t\t\t\t<\/div>\n\t\t\t\t<\/div>\n\t\t\t\t<div class=\"elementor-element elementor-element-3ce0224b elementor-widget elementor-widget-text-editor\" data-id=\"3ce0224b\" data-element_type=\"widget\" data-widget_type=\"text-editor.default\">\n\t\t\t\t<div class=\"elementor-widget-container\">\n\t\t\t\t\t\t\t\t\t<h3>Allgemeine Gesch\u00e4ftsbedingungen<\/h3><h3>1. Geltungsbereich<\/h3><p>F\u00fcr alle Bestellungen \u00fcber unseren Online-Shop gelten die nachfolgenden AGB. Unser Online-Shop richtet sich ausschlie\u00dflich an Verbraucher.<\/p><p>F\u00fcr Deutschland gilt: Verbraucher sind gem. \u00a7 13 BGB jede nat\u00fcrliche Person, die ein Rechtsgesch\u00e4ft zu Zwecken abschlie\u00dft, die \u00fcberwiegend weder ihrer gewerblichen noch ihrer selbst\u00e4ndigen beruflichen T\u00e4tigkeit zugerechnet werden k\u00f6nnen.<\/p><p>F\u00fcr \u00d6sterreich gilt: In den nachfolgenden Bedingungen ist unter &#8220;Verbraucher&#8221; der &#8220;Konsument&#8221; im Sinne des Konsumententenschutzgesetzes (KSchG) zu verstehen.<\/p><p>F\u00fcr die Schweiz gilt: In den nachfolgenden Bedingungen ist unter &#8220;Verbraucher&#8221; der &#8220;Konsument&#8221; nach schweizerischem Recht zu verstehen.<\/p><h3>2. Vertragspartner, Vertragsschluss, Korrekturm\u00f6glichkeiten<\/h3><p>Der Kaufvertrag kommt zustande mit Skinmed Doctors AG.<\/p><p>Mit Einstellung der Produkte in den Online-Shop geben wir ein verbindliches Angebot zum Vertragsschluss \u00fcber diese Artikel ab. Sie k\u00f6nnen unsere Produkte zun\u00e4chst unverbindlich in den Warenkorb legen und Ihre Eingaben vor Absenden Ihrer verbindlichen Bestellung jederzeit korrigieren, indem Sie die hierf\u00fcr im Bestellablauf vorgesehenen und erl\u00e4uterten Korrekturhilfen nutzen. Der Vertrag kommt zustande, indem Sie durch Anklicken des Bestellbuttons das Angebot \u00fcber die im Warenkorb enthaltenen Waren annehmen. Unmittelbar nach dem Absenden der Bestellung erhalten Sie noch einmal eine Best\u00e4tigung per Mail.<\/p><h3>3. Vertragssprache, Vertragstextspeicherung<\/h3><p>Die f\u00fcr den Vertragsschluss zur Verf\u00fcgung stehende(n) Sprache(n): Deutsch, Englisch. Wir speichern den Vertragstext und senden Ihnen die Bestelldaten und unsere AGB in Textform zu. Den Vertragstext k\u00f6nnen Sie in unserem Kunden-Login einsehen.<\/p><h3>4. Lieferbedingungen<\/h3><p>Wir liefern versandkostenfrei. Wir liefern nur im Versandweg. Eine Selbstabholung der Ware ist leider nicht m\u00f6glich.<\/p><h3>5. Bezahlung<\/h3><p>In unserem Shop stehen Ihnen grunds\u00e4tzlich die folgenden Zahlungsarten zur Verf\u00fcgung:<\/p><p><strong>Kreditkarte<\/strong><br \/>Mit Abgabe der Bestellung geben Sie Ihre Kreditkartendaten an. Ihre Karte wird unmittelbar nach Abgabe der Bestellung belastet.<\/p><p><strong>PayPal<\/strong><br \/>Um den Rechnungsbetrag \u00fcber den Zahlungsdienstleister PayPal (Europe) S.\u00e0 r.l. et Cie, S.C.A, 22-24 Boulevard Royal, L-2449 Luxembourg (\u201ePayPal\u201c) bezahlen zu k\u00f6nnen, m\u00fcssen Sie bei PayPal registriert sein, sich mit Ihren Zugangsdaten legitimieren und die Zahlungsanweisung best\u00e4tigen. Die Zahlungstransaktion wird durch PayPal unmittelbar nach Abgabe der Bestellung durchgef\u00fchrt. Weitere Hinweise erhalten Sie im Bestellvorgang.<\/p><p><strong>Google Pay<\/strong><br \/>Um den Rechnungsbetrag \u00fcber den Zahlungsdienstleister Google Ireland Ltd., Gordon House, Barrow Street, Dublin 4, Irland (\u201eGoogle\u201c) bezahlen zu k\u00f6nnen, m\u00fcssen Sie bei Google registriert sein, die Funktion Google Pay aktiviert haben, sich mit Ihren Zugangsdaten legitimieren und die Zahlungsanweisung best\u00e4tigen. Die Zahlungstransaktion wird unmittelbar nach Abgabe der Bestellung durchgef\u00fchrt. Weitere Hinweise erhalten Sie im Bestellvorgang.<\/p><p><strong>Apple Pay<\/strong><br \/>Um den Rechnungsbetrag \u00fcber den Zahlungsdienstleister Apple Inc., One Apple Park Way, Cupertino, CA 95014, USA (\u201eApple\u201c) bezahlen zu k\u00f6nnen, m\u00fcssen Sie den Browser \u201eSafari\u201c nutzen, bei Apple registriert sein, die Funktion Apple Pay aktiviert haben, sich mit Ihren Zugangsdaten legitimieren und die Zahlungsanweisung best\u00e4tigen. Die Zahlungstransaktion wird unmittelbar nach Abgabe der Bestellung durchgef\u00fchrt. Weitere hinweise erhalten Sie im Bestellvorgang.<\/p><h3>6. Eigentumsvorbehalt<\/h3><p>Die Ware bleibt bis zur vollst\u00e4ndigen Bezahlung unser Eigentum. Bei Kunden mit Sitz in der Schweiz sind wir berechtigt, einen entsprechenden Eintrag im Eigentumsvorbehaltsregister vorzunehmen.<\/p><h3>7. Transportsch\u00e4den<\/h3><p>Werden Waren mit offensichtlichen Transportsch\u00e4den angeliefert, so reklamieren Sie solche Fehler bitte m\u00f6glichst sofort beim Zusteller und nehmen Sie bitte unverz\u00fcglich Kontakt zu uns auf. Die Vers\u00e4umung einer Reklamation oder Kontaktaufnahme hat f\u00fcr Ihre gesetzlichen Anspr\u00fcche und deren Durchsetzung, insbesondere Ihre Gew\u00e4hrleistungsrechte, keinerlei Konsequenzen. Sie helfen uns aber, unsere eigenen Anspr\u00fcche gegen\u00fcber dem Frachtf\u00fchrer bzw. der Transportversicherung geltend machen zu k\u00f6nnen.<\/p><h3>8. Gew\u00e4hrleistung und Garantien<\/h3><p><strong>8.1 M\u00e4ngelhaftungsrecht<\/strong><br \/>Es gilt das gesetzliche M\u00e4ngelhaftungsrecht.<\/p><p><strong>F\u00fcr Verbraucher mit Sitz in der Schweiz gilt:<\/strong><br \/>Sie sollen, sobald es nach dem \u00fcblichen Gesch\u00e4ftsgange tunlich ist, die Beschaffenheit der empfangenen Sache pr\u00fcfen und, falls sich M\u00e4ngel ergeben, f\u00fcr die der Verk\u00e4ufer Gew\u00e4hr zu leisten hat, diesem sofort Anzeige machen. Vers\u00e4umt dieses der Verbraucher, so gilt die gekaufte Sache als genehmigt, soweit es sich nicht um M\u00e4ngel handelt, die bei der \u00fcbungsgem\u00e4ssen Untersuchung nicht erkennbar waren. Ergeben sich sp\u00e4ter solche M\u00e4ngel, so muss die Anzeige sofort nach der Entdeckung erfolgen, widrigenfalls die Sache auch r\u00fccksichtlich dieser M\u00e4ngel als genehmigt gilt.<\/p><p>Senden Sie das mangelhafte Produkt mit einer Mangelbeschreibung an uns zur\u00fcck. Sie tragen die anfallenden Transportkosten. Wir leisten Gew\u00e4hr durch die Behebung von M\u00e4ngeln. Dies geschieht nach unserer Wahl entweder durch Beseitigung des Mangels (Nachbesserung) oder Lieferung einer mangelfreien Sache (Ersatzlieferung). Schl\u00e4gt die Nacherf\u00fcllung fehl, sind Sie zum R\u00fccktritt vom Vertrag berechtigt. Dies gilt nicht im Falle unerheblicher M\u00e4ngel. Ein Recht auf Preisminderung ist ausgeschlossen.<\/p><p><strong>8.2 Garantien und Kundendienst<\/strong><\/p><p>Informationen zu gegebenenfalls geltenden zus\u00e4tzlichen Garantien und deren genaue Bedingungen finden Sie jeweils beim Produkt und auf besonderen Informationsseiten im Online-Shop.<\/p><p><strong>Kundendienst:<\/strong> Tel. +41 836 64 62 \/ Mail: <a href=\"mailto:hello@skinmeddocs.com\">hello@skinmeddocs.com<\/a><\/p><h3>9. Haftung<\/h3><p>F\u00fcr Anspr\u00fcche aufgrund von Sch\u00e4den, die durch uns, unsere gesetzlichen Vertreter oder Erf\u00fcllungsgehilfen verursacht wurden, haften wir stets unbeschr\u00e4nkt<\/p><ul><li>bei Verletzung des Lebens, des K\u00f6rpers oder der Gesundheit,<\/li><li>bei vors\u00e4tzlicher oder grob fahrl\u00e4ssiger Pflichtverletzung,<\/li><li>bei Garantieversprechen, soweit vereinbart, oder<\/li><li>soweit der Anwendungsbereich des Produkthaftungsgesetzes er\u00f6ffnet ist.<\/li><\/ul><p>Bei Verletzung wesentlicher Vertragspflichten, deren Erf\u00fcllung die ordnungsgem\u00e4\u00dfe Durchf\u00fchrung des Vertrages \u00fcberhaupt erst erm\u00f6glicht und auf deren Einhaltung der Vertragspartner regelm\u00e4ssig vertrauen darf, (Kardinalpflichten) durch leichte Fahrl\u00e4ssigkeit von uns, unseren gesetzlichen Vertretern oder Erf\u00fcllungsgehilfen ist die Haftung der H\u00f6he nach auf den bei Vertragsschluss vorhersehbaren Schaden begrenzt, mit dessen Entstehung typischerweise gerechnet werden muss. Im \u00dcbrigen sind Anspr\u00fcche auf Schadensersatz ausgeschlossen.<\/p><h3>8. Verhaltenskodex<\/h3><p>Folgenden Verhaltenskodizes haben wir uns unterworfen:<\/p><p>Trusted Shops (<a href=\"https:\/\/www.trustedshops.com\/tsdocument\/TS_QUALITY_CRITERIA_de.pd\">https:\/\/www.trustedshops.com\/tsdocument\/TS_QUALITY_CRITERIA_de.pd<\/a>f)<\/p><h3>11. Streitbeilegung<\/h3><p>Die Europ\u00e4ische Kommission stellt eine Plattform zur Online-Streitbeilegung (OS) bereit, die Sie <a href=\"https:\/\/ec.europa.eu\/consumers\/odr\/main\/index.cfm?event=main.home.chooseLanguage\">hier<\/a> finden. Zur Teilnahme an einem Streitbeilegungsverfahren vor einer Verbraucherschlichtungsstelle sind wir nicht verpflichtet und nicht bereit.<\/p>\t\t\t\t\t\t\t\t<\/div>\n\t\t\t\t<\/div>\n\t\t\t\t\t<\/div>\n\t\t<\/div>\n\t\t\t\t\t<\/div>\n\t\t<\/section>\n\t\t\t\t<\/div>\n\t\t","protected":false},"excerpt":{"rendered":"<p>AGB Allgemeine Gesch\u00e4ftsbedingungen 1. Geltungsbereich F\u00fcr alle Bestellungen \u00fcber unseren Online-Shop gelten die nachfolgenden AGB. Unser Online-Shop richtet sich ausschlie\u00dflich an Verbraucher. F\u00fcr Deutschland gilt: Verbraucher sind gem. \u00a7 13 BGB jede nat\u00fcrliche Person, die ein Rechtsgesch\u00e4ft zu Zwecken abschlie\u00dft, die \u00fcberwiegend weder ihrer gewerblichen noch ihrer selbst\u00e4ndigen beruflichen T\u00e4tigkeit zugerechnet werden k\u00f6nnen. F\u00fcr \u00d6sterreich&#8230;<\/p>\n","protected":false},"author":1,"featured_media":0,"parent":0,"menu_order":0,"comment_status":"closed","ping_status":"closed","template":"","meta":{"_seopress_robots_primary_cat":"","_seopress_titles_title":"","_seopress_titles_desc":"","_seopress_robots_index":"","footnotes":""},"class_list":["post-1317","page","type-page","status-publish","hentry"],"acf":[],"_links":{"self":[{"href":"https:\/\/skinmeddocs.com\/ch-en\/wp-json\/wp\/v2\/pages\/1317","targetHints":{"allow":["GET"]}}],"collection":[{"href":"https:\/\/skinmeddocs.com\/ch-en\/wp-json\/wp\/v2\/pages"}],"about":[{"href":"https:\/\/skinmeddocs.com\/ch-en\/wp-json\/wp\/v2\/types\/page"}],"author":[{"embeddable":true,"href":"https:\/\/skinmeddocs.com\/ch-en\/wp-json\/wp\/v2\/users\/1"}],"replies":[{"embeddable":true,"href":"https:\/\/skinmeddocs.com\/ch-en\/wp-json\/wp\/v2\/comments?post=1317"}],"version-history":[{"count":37,"href":"https:\/\/skinmeddocs.com\/ch-en\/wp-json\/wp\/v2\/pages\/1317\/revisions"}],"predecessor-version":[{"id":2261,"href":"https:\/\/skinmeddocs.com\/ch-en\/wp-json\/wp\/v2\/pages\/1317\/revisions\/2261"}],"wp:attachment":[{"href":"https:\/\/skinmeddocs.com\/ch-en\/wp-json\/wp\/v2\/media?parent=1317"}],"curies":[{"name":"wp","href":"https:\/\/api.w.org\/{rel}","templated":true}]}}