{"id":770,"date":"2022-08-05T17:49:15","date_gmt":"2022-08-05T15:49:15","guid":{"rendered":"http:\/\/skinmeddocs.com\/ch-de\/product\/6d-hyaluronic-booster\/"},"modified":"2026-04-07T19:10:41","modified_gmt":"2026-04-07T17:10:41","slug":"6d-hyaluronic-booster","status":"publish","type":"product","link":"https:\/\/skinmeddocs.com\/ch-de\/produkt\/6d-hyaluronic-booster\/","title":{"rendered":"6D Hyaluronic Booster"},"content":{"rendered":"","protected":false},"excerpt":{"rendered":"","protected":false},"featured_media":2802,"template":"","meta":{"_seopress_robots_primary_cat":"none","_seopress_titles_title":"Hyaluron Booster jetzt online kaufen | Skinmed Doctors","_seopress_titles_desc":"Der 6D Hyaluron Booster enth\u00e4lt eine sechs-dimensionale Hyalurons\u00e4ure, die zu einem nat\u00fcrlichen Glow verhilft.","_seopress_robots_index":""},"product_brand":[],"product_cat":[45,50,46,48,35],"product_tag":[],"class_list":{"0":"post-770","1":"product","2":"type-product","3":"status-publish","4":"has-post-thumbnail","6":"product_cat-trockene-haut","7":"product_cat-empfindliche-haut","8":"product_cat-fettige-haut","9":"product_cat-mischhaut","10":"product_cat-gesichtsserum","11":"product_shipping_class-standard","13":"first","14":"instock","15":"taxable","16":"shipping-taxable","17":"purchasable","18":"product-type-simple"},"acf":[],"_links":{"self":[{"href":"https:\/\/skinmeddocs.com\/ch-de\/wp-json\/wp\/v2\/product\/770","targetHints":{"allow":["GET"]}}],"collection":[{"href":"https:\/\/skinmeddocs.com\/ch-de\/wp-json\/wp\/v2\/product"}],"about":[{"href":"https:\/\/skinmeddocs.com\/ch-de\/wp-json\/wp\/v2\/types\/product"}],"wp:featuredmedia":[{"embeddable":true,"href":"https:\/\/skinmeddocs.com\/ch-de\/wp-json\/wp\/v2\/media\/2802"}],"wp:attachment":[{"href":"https:\/\/skinmeddocs.com\/ch-de\/wp-json\/wp\/v2\/media?parent=770"}],"wp:term":[{"taxonomy":"product_brand","embeddable":true,"href":"https:\/\/skinmeddocs.com\/ch-de\/wp-json\/wp\/v2\/product_brand?post=770"},{"taxonomy":"product_cat","embeddable":true,"href":"https:\/\/skinmeddocs.com\/ch-de\/wp-json\/wp\/v2\/product_cat?post=770"},{"taxonomy":"product_tag","embeddable":true,"href":"https:\/\/skinmeddocs.com\/ch-de\/wp-json\/wp\/v2\/product_tag?post=770"}],"curies":[{"name":"wp","href":"https:\/\/api.w.org\/{rel}","templated":true}]}}