{"id":2412,"date":"2023-02-03T16:51:01","date_gmt":"2023-02-03T15:51:01","guid":{"rendered":"https:\/\/skinmeddocs.com\/ch-de\/?page_id=2412"},"modified":"2023-02-03T16:52:07","modified_gmt":"2023-02-03T15:52:07","slug":"widerrufsbelehrung","status":"publish","type":"page","link":"https:\/\/skinmeddocs.com\/ch-de\/widerrufsbelehrung\/","title":{"rendered":"Widerrufsbelehrung"},"content":{"rendered":"\t\t<div data-elementor-type=\"wp-page\" data-elementor-id=\"2412\" class=\"elementor elementor-2412\" data-elementor-post-type=\"page\">\n\t\t\t\t\t\t<section class=\"elementor-section elementor-top-section elementor-element elementor-element-70503151 plain-text elementor-section-boxed elementor-section-height-default elementor-section-height-default\" data-id=\"70503151\" data-element_type=\"section\">\n\t\t\t\t\t\t<div class=\"elementor-container elementor-column-gap-default\">\n\t\t\t\t\t<div class=\"elementor-column elementor-col-100 elementor-top-column elementor-element elementor-element-27f17a2e\" data-id=\"27f17a2e\" data-element_type=\"column\">\n\t\t\t<div class=\"elementor-widget-wrap elementor-element-populated\">\n\t\t\t\t\t\t<div class=\"elementor-element elementor-element-a548ee4 elementor-widget elementor-widget-heading\" data-id=\"a548ee4\" data-element_type=\"widget\" data-widget_type=\"heading.default\">\n\t\t\t\t<div class=\"elementor-widget-container\">\n\t\t\t\t\t<h1 class=\"elementor-heading-title elementor-size-default\">Widerrufsbelehrung<\/h1>\t\t\t\t<\/div>\n\t\t\t\t<\/div>\n\t\t\t\t<div class=\"elementor-element elementor-element-36683598 elementor-widget elementor-widget-text-editor\" data-id=\"36683598\" data-element_type=\"widget\" data-widget_type=\"text-editor.default\">\n\t\t\t\t<div class=\"elementor-widget-container\">\n\t\t\t\t\t\t\t\t\t<p>Verbraucher haben ein vierzehnt\u00e4giges Widerrufsrecht.<\/p><p><strong>Widerrufsrecht<\/strong><\/p><p>Sie haben das Recht, binnen vierzehn Tagen ohne Angabe von Gr\u00fcnden diesen Vertrag zu widerrufen. Die Widerrufsfrist betr\u00e4gt vierzehn Tage ab dem Tag , an dem Sie oder ein von Ihnen benannter Dritter, der nicht der Bef\u00f6rderer ist, die Waren in Besitz genommen haben bzw. hat.<\/p><p>Um Ihr Widerrufsrecht auszu\u00fcben, m\u00fcssen Sie uns (Skinmed Doctors AG, Wilenstrasse 4, 8832 Wollerau, Schweiz, hello@skinmeddocs.com, Telefon: +41 62 836 64 62) mittels einer eindeutigen Erkl\u00e4rung (z.B. ein mit der Post versandter Brief oder eine E-Mail) \u00fcber Ihren Entschluss, diesen Vertrag zu widerrufen, informieren. Sie k\u00f6nnen daf\u00fcr das beigef\u00fcgte Muster-Widerrufsformular verwenden, das jedoch nicht vorgeschrieben ist.<\/p><p>Zur Wahrung der Widerrufsfrist reicht es aus, dass Sie die Mitteilung \u00fcber die Aus\u00fcbung des Widerrufsrechts vor Ablauf der Widerrufsfrist absenden.<\/p><p><strong>Folgen des Widerrufs<\/strong><\/p><p>Wenn Sie diesen Vertrag widerrufen, haben wir Ihnen alle Zahlungen, die wir von Ihnen erhalten haben, einschlie\u00dflich der Lieferkosten (mit Ausnahme der zus\u00e4tzlichen Kosten, die sich daraus ergeben, dass Sie eine andere Art der Lieferung als die von uns angebotene, g\u00fcnstigste Standardlieferung gew\u00e4hlt haben), unverz\u00fcglich und sp\u00e4testens binnen vierzehn Tagen ab dem Tag zur\u00fcckzuzahlen, an dem die Mitteilung \u00fcber Ihren Widerruf dieses Vertrags bei uns eingegangen ist. F\u00fcr diese R\u00fcckzahlung verwenden wir dasselbe Zahlungsmittel, das Sie bei der urspr\u00fcnglichen Transaktion eingesetzt haben, es sei denn, mit Ihnen wurde ausdr\u00fccklich etwas anderes vereinbart; in keinem Fall werden Ihnen wegen dieser R\u00fcckzahlung Entgelte berechnet. Wir k\u00f6nnen die R\u00fcckzahlung verweigern, bis wir die Waren wieder zur\u00fcckerhalten haben oder bis Sie den Nachweis erbracht haben, dass Sie die Waren zur\u00fcckgesandt haben, je nachdem, welches der fr\u00fchere Zeitpunkt ist.<\/p><p>Sie haben die Waren unverz\u00fcglich und in jedem Fall sp\u00e4testens binnen vierzehn Tagen ab dem Tag, an dem Sie uns \u00fcber den Widerruf dieses Vertrags unterrichten, an uns oder an Skimed AG (Niederlenzer Kirchweg 2a, 5600 Lenzburg , Schweiz) zur\u00fcckzusenden oder zu \u00fcbergeben. Die Frist ist gewahrt, wenn Sie die Waren vor Ablauf der Frist von vierzehn Tagen absenden. Sie tragen die unmittelbaren Kosten der R\u00fccksendung der Waren. Sie m\u00fcssen f\u00fcr einen etwaigen Wertverlust der Waren nur aufkommen, wenn dieser Wertverlust auf einen zur Pr\u00fcfung der Beschaffenheit, Eigenschaften und Funktionsweise der Waren nicht notwendigen Umgang mit ihnen zur\u00fcckzuf\u00fchren ist.<\/p><table border=\"1\" cellspacing=\"1\" cellpadding=\"1\"><tbody><tr><td><p><strong>Muster-Widerrufsformular<\/strong><\/p><p><em>(Wenn Sie den Vertrag widerrufen wollen, dann f\u00fcllen Sie bitte dieses Formular aus und senden Sie es zur\u00fcck.)<\/em><\/p><p>\u2013 An Skinmed Doctors AG, Wilenstrasse 4, 8832 Wollerau, Schweiz, hello@skinmeddocs.com<\/p><p>\u2013 Hiermit widerrufe(n) ich\/wir (*) den von mir\/uns (*) abgeschlossenen Vertrag \u00fcber den Kauf der folgenden<br \/>Waren (*)\/die Erbringung der folgenden Dienstleistung (*)<\/p><p>\u2013 Bestellt am (*)\/erhalten am (*)<\/p><p>\u2013 Name des\/der Verbraucher(s)<\/p><p>\u2013 Anschrift des\/der Verbraucher(s)<\/p><p>\u2013 Unterschrift des\/der Verbraucher(s) (nur bei Mitteilung auf Papier)<\/p><p>\u2013 Datum<\/p><p><em>(*) Unzutreffendes streichen.<\/em><\/p><\/td><\/tr><\/tbody><\/table><p><a href=\"https:\/\/legal.trustedshops.com\/produkte\/rechtstexter\" target=\"_blank\" rel=\"noopener\">Widerrufsbelehrung<\/a>\u00a0erstellt mit dem\u00a0<a href=\"https:\/\/legal.trustedshops.com\" target=\"_blank\" rel=\"noopener\">Trusted Shops<\/a>\u00a0Rechtstexter<\/p>\t\t\t\t\t\t\t\t<\/div>\n\t\t\t\t<\/div>\n\t\t\t\t\t<\/div>\n\t\t<\/div>\n\t\t\t\t\t<\/div>\n\t\t<\/section>\n\t\t\t\t<\/div>\n\t\t","protected":false},"excerpt":{"rendered":"<p>Widerrufsbelehrung Verbraucher haben ein vierzehnt\u00e4giges Widerrufsrecht. Widerrufsrecht Sie haben das Recht, binnen vierzehn Tagen ohne Angabe von Gr\u00fcnden diesen Vertrag zu widerrufen. Die Widerrufsfrist betr\u00e4gt vierzehn Tage ab dem Tag , an dem Sie oder ein von Ihnen benannter Dritter, der nicht der Bef\u00f6rderer ist, die Waren in Besitz genommen haben bzw. hat. Um Ihr&#8230;<\/p>\n","protected":false},"author":1,"featured_media":0,"parent":0,"menu_order":0,"comment_status":"closed","ping_status":"closed","template":"","meta":{"_seopress_robots_primary_cat":"","_seopress_titles_title":"","_seopress_titles_desc":"","_seopress_robots_index":"","footnotes":""},"class_list":["post-2412","page","type-page","status-publish","hentry"],"acf":[],"_links":{"self":[{"href":"https:\/\/skinmeddocs.com\/ch-de\/wp-json\/wp\/v2\/pages\/2412","targetHints":{"allow":["GET"]}}],"collection":[{"href":"https:\/\/skinmeddocs.com\/ch-de\/wp-json\/wp\/v2\/pages"}],"about":[{"href":"https:\/\/skinmeddocs.com\/ch-de\/wp-json\/wp\/v2\/types\/page"}],"author":[{"embeddable":true,"href":"https:\/\/skinmeddocs.com\/ch-de\/wp-json\/wp\/v2\/users\/1"}],"replies":[{"embeddable":true,"href":"https:\/\/skinmeddocs.com\/ch-de\/wp-json\/wp\/v2\/comments?post=2412"}],"version-history":[{"count":4,"href":"https:\/\/skinmeddocs.com\/ch-de\/wp-json\/wp\/v2\/pages\/2412\/revisions"}],"predecessor-version":[{"id":2419,"href":"https:\/\/skinmeddocs.com\/ch-de\/wp-json\/wp\/v2\/pages\/2412\/revisions\/2419"}],"wp:attachment":[{"href":"https:\/\/skinmeddocs.com\/ch-de\/wp-json\/wp\/v2\/media?parent=2412"}],"curies":[{"name":"wp","href":"https:\/\/api.w.org\/{rel}","templated":true}]}}